
{"id":316,"date":"2023-12-28T02:51:12","date_gmt":"2023-12-28T02:51:12","guid":{"rendered":"https:\/\/chilemudanzas.cl\/prueba_tienda1\/?post_type=product&#038;p=316"},"modified":"2024-01-02T21:11:15","modified_gmt":"2024-01-02T21:11:15","slug":"caja-de-carton-pequena","status":"publish","type":"product","link":"https:\/\/chilemudanzas.cl\/prueba_tienda1\/producto\/caja-de-carton-pequena\/","title":{"rendered":"Caja de Cart\u00f3n (Peque\u00f1a)"},"content":{"rendered":"","protected":false},"excerpt":{"rendered":"<p>Caja de cart\u00f3n 12C.<\/p>\n<p class=\"_2qrJF _2yxAN\" data-hook=\"product-title\">Caja 300x300x300mm<\/p>\n","protected":false},"featured_media":317,"template":"","meta":[],"product_cat":[37],"product_tag":[],"class_list":{"0":"post-316","1":"product","2":"type-product","3":"status-publish","4":"has-post-thumbnail","6":"product_cat-cajas","8":"first","9":"instock","10":"taxable","11":"shipping-taxable","12":"purchasable","13":"product-type-simple"},"_links":{"self":[{"href":"https:\/\/chilemudanzas.cl\/prueba_tienda1\/wp-json\/wp\/v2\/product\/316","targetHints":{"allow":["GET"]}}],"collection":[{"href":"https:\/\/chilemudanzas.cl\/prueba_tienda1\/wp-json\/wp\/v2\/product"}],"about":[{"href":"https:\/\/chilemudanzas.cl\/prueba_tienda1\/wp-json\/wp\/v2\/types\/product"}],"wp:featuredmedia":[{"embeddable":true,"href":"https:\/\/chilemudanzas.cl\/prueba_tienda1\/wp-json\/wp\/v2\/media\/317"}],"wp:attachment":[{"href":"https:\/\/chilemudanzas.cl\/prueba_tienda1\/wp-json\/wp\/v2\/media?parent=316"}],"wp:term":[{"taxonomy":"product_cat","embeddable":true,"href":"https:\/\/chilemudanzas.cl\/prueba_tienda1\/wp-json\/wp\/v2\/product_cat?post=316"},{"taxonomy":"product_tag","embeddable":true,"href":"https:\/\/chilemudanzas.cl\/prueba_tienda1\/wp-json\/wp\/v2\/product_tag?post=316"}],"curies":[{"name":"wp","href":"https:\/\/api.w.org\/{rel}","templated":true}]}}